{"id":5504,"date":"2017-07-03T20:12:41","date_gmt":"2017-07-03T19:12:41","guid":{"rendered":"https:\/\/www.kandani.es\/blog\/?page_id=5504"},"modified":"2017-11-23T13:50:55","modified_gmt":"2017-11-23T12:50:55","slug":"financiacion-cetelem","status":"publish","type":"page","link":"https:\/\/www.kandani.es\/blog\/financiacion-cetelem\/","title":{"rendered":"FINANCIACI\u00d3N CETELEM"},"content":{"rendered":"<p><a href=\"https:\/\/www.kandani.es\/blog\/wp-content\/uploads\/HOLA-CETELEM.jpg\"><img loading=\"lazy\" decoding=\"async\" class=\"aligncenter size-full wp-image-2672\" src=\"https:\/\/www.kandani.es\/blog\/wp-content\/uploads\/HOLA-CETELEM.jpg\" alt=\"HOLA CETELEM\" width=\"900\" height=\"900\" srcset=\"https:\/\/www.kandani.es\/blog\/wp-content\/uploads\/HOLA-CETELEM.jpg 900w, https:\/\/www.kandani.es\/blog\/wp-content\/uploads\/HOLA-CETELEM-150x150.jpg 150w, https:\/\/www.kandani.es\/blog\/wp-content\/uploads\/HOLA-CETELEM-300x300.jpg 300w, https:\/\/www.kandani.es\/blog\/wp-content\/uploads\/HOLA-CETELEM-768x768.jpg 768w\" sizes=\"auto, (max-width: 900px) 100vw, 900px\" \/><\/a>Desde hace algunos meses, en Bicicletas Kandani, venimos trabajando conjuntamente con la financiera Cetelem ofreciendo a nuestros clientes productos con una forma de pago muy ventajosa, lo que se ha traducido en muchos clientes contentos y satisfechos. La consulta con la financiera se realiza v\u00eda tel\u00e9fonica, y en la misma llamada ya obtenemos la confirmaci\u00f3n en la concesi\u00f3n del cr\u00e9dito. Para ello necesitamos algunos datos de cliente. En las siguientes l\u00edneas explicaremos las modalidades de pago aplazado y los datos necesarios.<\/p>\n<p><!--more--><\/p>\n<h1><strong>MODALIDADES DE PAGO APLAZADO:<\/strong><\/h1>\n<p><strong>PR\u00c9STAMO SIN INTERESES: hasta 12 meses de plazo.<\/strong><\/p>\n<p>En esta modalidad de pago el cliente final de Kandani paga cero por ciento de comisi\u00f3n en concepto de intereses por pago aplazado. El plazo m\u00e1ximo de pago en esta modalidad es de 12 meses. El cliente debe elegir el plazo de pago, siendo las opciones disponibles:<\/p>\n<ul>\n<li>3 MESES SIN INTERESES<\/li>\n<li>6 MESES SIN INTERESES<\/li>\n<li>10 MESES SIN INTERESES<\/li>\n<li>12 MESES SIN INTERESES<\/li>\n<\/ul>\n<p><strong>Gastos financieros asociados a esta modalidad de pago<\/strong>: independientes del plazo elegido y la cantidad de compra a financiar<\/p>\n<ul>\n<li>5 euros. Comisi\u00f3n de apertura del cr\u00e9dito.<\/li>\n<li>18 euros. Seguro de vida que asegura el pago inmediato del cr\u00e9dito en caso de fallecimiento.<\/li>\n<\/ul>\n<p><strong>Ejemplo de la modalidad PR\u00c9STAMO SIN INTERESES:<\/strong><\/p>\n<p>Vamos a financiar una de nuestras bicicletas que tienen un precio de venta a p\u00fablico de 1.799 euros. La financiamos en 12 mensualidades.<\/p>\n<p>La cantidad del pr\u00e9stamo a financiar es de 1.799 euros + 23 euros. Total = 1.822 euros.<\/p>\n<p>Cuota mensual de: 1.822 euros \/ 12 meses = 151,83 euros.<\/p>\n<p>La primera cuota del pr\u00e9stamo se abona el d\u00eda 5 del mes siguiente a la firma del contrato.<\/p>\n<p><strong>PR\u00c9STAMO CON INTERESES: hasta 60 meses de plazo. Plazo m\u00ednimo 3 meses.<\/strong><\/p>\n<p>Esta modalidad de pago no tiene gastos de apertura de cr\u00e9dito para el cliente, pero en esta caso s\u00ed hay que pagar intereses, que son mayores cuanto mayor es el plazo de pago del cr\u00e9dito. Veamos la tabla que permite calcular la cuota mensual de cada compra financiada con inter\u00e9s:<\/p>\n\n<table id=\"tablepress-6\" class=\"tablepress tablepress-id-6\">\n<thead>\n<tr class=\"row-1\">\n\t<th class=\"column-1\">N\u00ba DE MESES<\/th><th class=\"column-2\">COEFICIENTE<\/th>\n<\/tr>\n<\/thead>\n<tbody class=\"row-striping row-hover\">\n<tr class=\"row-2\">\n\t<td class=\"column-1\">3<\/td><td class=\"column-2\">0,357107<\/td>\n<\/tr>\n<tr class=\"row-3\">\n\t<td class=\"column-1\">6<\/td><td class=\"column-2\">0,18166<\/td>\n<\/tr>\n<tr class=\"row-4\">\n\t<td class=\"column-1\">12<\/td><td class=\"column-2\">0,093989<\/td>\n<\/tr>\n<tr class=\"row-5\">\n\t<td class=\"column-1\">18<\/td><td class=\"column-2\">0,065655<\/td>\n<\/tr>\n<tr class=\"row-6\">\n\t<td class=\"column-1\">24<\/td><td class=\"column-2\">0,051311<\/td>\n<\/tr>\n<tr class=\"row-7\">\n\t<td class=\"column-1\">30<\/td><td class=\"column-2\">0,042842<\/td>\n<\/tr>\n<tr class=\"row-8\">\n\t<td class=\"column-1\">36<\/td><td class=\"column-2\">0,036884<\/td>\n<\/tr>\n<tr class=\"row-9\">\n\t<td class=\"column-1\">42<\/td><td class=\"column-2\">0,032843<\/td>\n<\/tr>\n<tr class=\"row-10\">\n\t<td class=\"column-1\">48<\/td><td class=\"column-2\">0,029666<\/td>\n<\/tr>\n<tr class=\"row-11\">\n\t<td class=\"column-1\">54<\/td><td class=\"column-2\">0,027341<\/td>\n<\/tr>\n<tr class=\"row-12\">\n\t<td class=\"column-1\">60<\/td><td class=\"column-2\">0,025381<\/td>\n<\/tr>\n<\/tbody>\n<\/table>\n<!-- #tablepress-6 from cache -->\n<p><strong>Ejemplo de la modalidad PR\u00c9STAMO CON INTERESES:<\/strong><\/p>\n<p>Vamos a financiar una compra elevada, una bicicleta de gama alta de 7.900 euros a 60 meses, el m\u00e1ximo establecido por la financiera. Vamos con los datos:<\/p>\n<ul>\n<li>Importe a financiar: 7.900 \u20ac<\/li>\n<li>C\u00e1lculo cuota mensual. Vamos a la tabla y buscamos el coeficiente correspondiente a 60 meses, que es: 0,025381. Para calcular la cuota mensual, hacemos la operaci\u00f3n: 7.900\u20ac x 0,025381 = 200,51 euros es la cuota mensual.<\/li>\n<li>PRECIO TOTAL DE LA OPERACI\u00d3N: 200,51 \u20ac x 60 MESES = 12.030,59 \u20ac<\/li>\n<li>INTERESES ABONADOS = 12.030,59 \u20ac &#8211; 7.900 \u20ac = 4.130 \u20ac<\/li>\n<\/ul>\n<p><strong>INFORMACI\u00d3N NECESARIA PARA REALIZAR UNA PETICI\u00d3N DE CR\u00c9DITO A CETELEM:<\/strong><\/p>\n<p><strong>Necesitamos fotocopias con los siguientes datos:<\/strong><\/p>\n<ol>\n<li><strong>DNI<\/strong>: que no est\u00e9 caducado de la persona que solicita el cr\u00e9dito. Caso de DNI caducado, adjuntar tambi\u00e9n fotocopia del pasaporte en vigor.<\/li>\n<li><strong>CUENTA BANCARIA<\/strong>: fotocopia de documento bancario oficial con la numeraci\u00f3n completa de la cuenta, IBAN completo. V\u00e1lida la cartilla bancaria.<\/li>\n<li><strong>INGRESOS<\/strong>:\n<ol>\n<li>TRABAJADORES POR CUENTA AJENA: \u00faltima n\u00f3mina<\/li>\n<li>AUT\u00d3NOMOS: \u00faltima declaraci\u00f3n\u00a0 de la renta. Importante adjuntar los formularios: 036 \u00f3 037. En su defecto, tambi\u00e9n sirve la VIDA LABORAL.<\/li>\n<li>PENSIONISTAS: hoja de revalorizaci\u00f3n<\/li>\n<\/ol>\n<\/li>\n<\/ol>\n<p><strong>DATOS QUE SE NECESITAN PARA CURSAR LA SOLICITUD:<\/strong><\/p>\n<ul>\n<li>INFORMACI\u00d3N PERSONAL DEL CLIENTE:\n<ul>\n<li>Direcci\u00f3n f\u00edsica actual.<\/li>\n<li>Tel\u00e9fono fijo<\/li>\n<li>Tel\u00e9fono m\u00f3vil<\/li>\n<li>Estado civil.<\/li>\n<li>Vivienda actual:\n<ul>\n<li>Especificar si es propia o de alquiler<\/li>\n<li>Antig\u00fcedad de la posesi\u00f3n de la vivienda propia.<\/li>\n<li>Caso de vivienda en alquiler, antig\u00fcedad y precio del alquiler mensual.<\/li>\n<\/ul>\n<\/li>\n<\/ul>\n<\/li>\n<li>Precio del producto a financiar elegido por el cliente.<\/li>\n<li>Modalidad de financiaci\u00f3n y n\u00famero de cuotas elegido.<\/li>\n<\/ul>\n<p>Hasta aqu\u00ed toda la informaci\u00f3n necesaria para formalizar un cr\u00e9dito con Cetelem para adquirir alguno de los productos que ofrecemos en nuestra tienda.<\/p>\n<p>\u00a1Salud y muchas compras!<\/p>\n<p>Y ya sab\u00e9is que estamos aqu\u00ed para resolver cualquier duda que os surja.<\/p>\n<div class=\"text_fine pb_20\">\n<div class=\"col-md-5\">\n<div class=\"rec_dire\">\n<div class=\"tit2\"><a href=\"https:\/\/www.kandani.es\/es\/exposicion-bicicletas-ibiza\" target=\"_blank\" rel=\"noopener\"><strong>KANDANI TIENDA Y TALLER<\/strong><\/a><\/div>\n<div><\/div>\n<div class=\"text_fine\"><a href=\"https:\/\/goo.gl\/maps\/ocCVNeTjF7p\" target=\"_blank\" rel=\"noopener\">C\/ Sant Jaume n\u00ba 114 &#8211; 07840 Santa Eul\u00e0ria des Riu<\/a><\/div>\n<div class=\"text_fine\">GPS: 38\u00b059&#8217;15.3&#8243;N 1\u00b032&#8217;18.4&#8243;E<\/div>\n<div class=\"text_fine\">Tel: +34 871 514 987<\/div>\n<div class=\"text_fine\"><a href=\"https:\/\/plus.google.com\/+KandaniWorkshopSalesSantaEul%C3%A0riadesRiu\" target=\"_blank\" rel=\"noopener\">Google+<\/a><\/div>\n<div class=\"text_fine\"><a href=\"mailto:info@kandani.es\" target=\"_blank\" rel=\"noopener\"><strong>E-mail<\/strong><\/a><\/div>\n<p>&nbsp;<\/p>\n<p><strong>HORARIO TIENDA Y TALLER<\/strong><\/p>\n<ul>\n<li class=\"text_fine pt_10\"><strong>Abierto todo el a\u00f1o <\/strong><\/li>\n<li class=\"text_fine\"><strong>LUNES A VIERNES<\/strong> 10:00-13:30 y 17:00-20:30<\/li>\n<li class=\"text_fine\"><strong>S\u00c1BADO<\/strong>: 10:00-13:30<\/li>\n<li class=\"text_fine\"><span style=\"color: #ff0000;\"><strong>S\u00c1BADO TARDE Y DOMINGO CERRADO<\/strong><\/span><\/li>\n<\/ul>\n<\/div>\n<\/div>\n<\/div>\n<p><strong><a href=\"https:\/\/www.kandani.es\/es\/contacta\" target=\"_blank\" rel=\"noopener\">CONTACTA AQU\u00cd CON KANDANI<\/a><\/strong><\/p>\n<p><a href=\"https:\/\/www.kandani.es\/es\/contacta\" target=\"_blank\" rel=\"attachment wp-att-4343 noopener\"><img loading=\"lazy\" decoding=\"async\" class=\"alignleft wp-image-4343 size-full\" src=\"https:\/\/www.kandani.es\/blog\/wp-content\/uploads\/DATOS-SANT-JAUME-2.jpg\" sizes=\"auto, (max-width: 400px) 100vw, 400px\" srcset=\"https:\/\/www.kandani.es\/blog\/wp-content\/uploads\/DATOS-SANT-JAUME-2-300x144.jpg 300w, https:\/\/www.kandani.es\/blog\/wp-content\/uploads\/DATOS-SANT-JAUME-2.jpg 400w\" alt=\"DATOS SANT JAUME\" width=\"400\" height=\"192\" \/><\/a><\/p>\n<p>&nbsp;<\/p>\n<p>&nbsp;<\/p>\n<p>&nbsp;<\/p>\n<p>&nbsp;<\/p>\n<p>&nbsp;<\/p>\n<p><a title=\"FACEBOOK\" href=\"https:\/\/www.facebook.com\/bicicletaskandani\" target=\"_blank\" rel=\"attachment wp-att-1326 noopener\"><img loading=\"lazy\" decoding=\"async\" src=\"https:\/\/www.kandani.es\/blog\/wp-content\/uploads\/logo_facebook_f_1.jpg\" alt=\"logo_facebook_f_1\" width=\"54\" height=\"54\" \/><\/a>\u00a0\u00a0 <a title=\"TWITTER\" href=\"https:\/\/twitter.com\/kandanibikes\" target=\"_blank\" rel=\"attachment wp-att-1327 noopener\"><img loading=\"lazy\" decoding=\"async\" src=\"https:\/\/www.kandani.es\/blog\/wp-content\/uploads\/twitter-logo-1.jpg\" alt=\"twitter-logo-1\" width=\"54\" height=\"53\" \/><\/a> \u00a0\u00a0<a title=\"GOOGLE+\" href=\"https:\/\/plus.google.com\/u\/0\/b\/114493300322978400783\/+KandaniWorkshopSalesSantaEul%C3%A0riadesRiu\" target=\"_blank\" rel=\"noopener\"><img loading=\"lazy\" decoding=\"async\" class=\"alignnone\" src=\"https:\/\/www.kandani.es\/blog\/wp-content\/uploads\/google_plus_logo-150x150.jpg\" alt=\"google_plus_logo\" width=\"54\" height=\"54\" \/><\/a> \u00a0 <a href=\"https:\/\/www.google.es\/maps\/place\/KANDANI+WORKSHOP+%26+SALES\/@38.9871895,1.5379114,411m\/data=%213m1%211e3%214m2%213m1%211s0x129915487b6190ef:0xe0ea3fd7e8334a5f%216m1%211e1?hl=es\" target=\"_blank\" rel=\"noopener\"><img loading=\"lazy\" decoding=\"async\" class=\"alignnone\" src=\"https:\/\/www.kandani.es\/blog\/wp-content\/uploads\/GOOGLE-MAPS-300x300.jpg\" alt=\"GOOGLE MAPS\" width=\"52\" height=\"52\" \/><\/a>\u00a0\u00a0 <a href=\"https:\/\/www.kandani.es\/es\/exposicion-bicicletas-ibiza\" target=\"_blank\" rel=\"attachment wp-att-3683 noopener\"><img loading=\"lazy\" decoding=\"async\" class=\"alignnone wp-image-3683\" src=\"https:\/\/www.kandani.es\/blog\/wp-content\/uploads\/IBIZA-BIKE-CENTER-150x150.png\" sizes=\"auto, (max-width: 50px) 100vw, 50px\" srcset=\"https:\/\/www.kandani.es\/blog\/wp-content\/uploads\/IBIZA-BIKE-CENTER-150x150.png 150w, https:\/\/www.kandani.es\/blog\/wp-content\/uploads\/IBIZA-BIKE-CENTER-300x292.png 300w, https:\/\/www.kandani.es\/blog\/wp-content\/uploads\/IBIZA-BIKE-CENTER-309x300.png 309w, https:\/\/www.kandani.es\/blog\/wp-content\/uploads\/IBIZA-BIKE-CENTER.png 570w\" alt=\"IBIZA BIKE CENTER\" width=\"50\" height=\"49\" \/><\/a><\/p>\n<div class=\"tit2\"><a href=\"https:\/\/www.kandani.es\/es\/exposicion-bicicletas-ibiza\" target=\"_blank\" rel=\"noopener\"><strong>KANDANI TIENDA Y TALLER<\/strong><\/a><\/div>\n<div><\/div>\n<div class=\"text_fine\"><a href=\"https:\/\/goo.gl\/maps\/ocCVNeTjF7p\" target=\"_blank\" rel=\"noopener\"><strong>C\/ Sant Jaume n\u00ba 114 &#8211; 07840 Santa Eul\u00e0ria des Riu<\/strong><\/a><\/div>\n<div class=\"text_fine\"><strong>GPS<\/strong>: 38\u00b059&#8217;15.3&#8243;N 1\u00b032&#8217;18.4&#8243;E<\/div>\n<div class=\"text_fine\"><strong>Tel:<\/strong> +34 871 514 987<\/div>\n<div class=\"text_fine\"><strong><a href=\"https:\/\/plus.google.com\/+KandaniWorkshopSalesSantaEul%C3%A0riadesRiu\" target=\"_blank\" rel=\"noopener\">Google+<\/a><\/strong><\/div>\n<div class=\"text_fine\"><a href=\"mailto:info@kandani.es\" target=\"_blank\" rel=\"noopener\"><strong>E-mail<\/strong><\/a><\/div>\n","protected":false},"excerpt":{"rendered":"<p>Desde hace algunos meses, en Bicicletas Kandani, venimos trabajando conjuntamente con la financiera Cetelem ofreciendo a nuestros clientes productos con una forma de pago muy ventajosa, lo que se ha traducido en muchos clientes contentos y satisfechos. La consulta con &hellip; <a href=\"https:\/\/www.kandani.es\/blog\/financiacion-cetelem\/\">Sigue leyendo <span class=\"meta-nav\">&rarr;<\/span><\/a><\/p>\n","protected":false},"author":6,"featured_media":0,"parent":0,"menu_order":0,"comment_status":"closed","ping_status":"closed","template":"","meta":{"_exactmetrics_skip_tracking":false,"_exactmetrics_sitenote_active":false,"_exactmetrics_sitenote_note":"","_exactmetrics_sitenote_category":0,"footnotes":""},"class_list":["post-5504","page","type-page","status-publish","hentry"],"_links":{"self":[{"href":"https:\/\/www.kandani.es\/blog\/wp-json\/wp\/v2\/pages\/5504","targetHints":{"allow":["GET"]}}],"collection":[{"href":"https:\/\/www.kandani.es\/blog\/wp-json\/wp\/v2\/pages"}],"about":[{"href":"https:\/\/www.kandani.es\/blog\/wp-json\/wp\/v2\/types\/page"}],"author":[{"embeddable":true,"href":"https:\/\/www.kandani.es\/blog\/wp-json\/wp\/v2\/users\/6"}],"replies":[{"embeddable":true,"href":"https:\/\/www.kandani.es\/blog\/wp-json\/wp\/v2\/comments?post=5504"}],"version-history":[{"count":6,"href":"https:\/\/www.kandani.es\/blog\/wp-json\/wp\/v2\/pages\/5504\/revisions"}],"predecessor-version":[{"id":6290,"href":"https:\/\/www.kandani.es\/blog\/wp-json\/wp\/v2\/pages\/5504\/revisions\/6290"}],"wp:attachment":[{"href":"https:\/\/www.kandani.es\/blog\/wp-json\/wp\/v2\/media?parent=5504"}],"curies":[{"name":"wp","href":"https:\/\/api.w.org\/{rel}","templated":true}]}}